{"id":611,"date":"2014-01-25T20:31:01","date_gmt":"2014-01-25T19:31:01","guid":{"rendered":"http:\/\/rindofiber.se\/wp\/?page_id=611"},"modified":"2014-01-25T20:31:01","modified_gmt":"2014-01-25T19:31:01","slug":"informationsmote-den-18-februari-2014","status":"publish","type":"page","link":"https:\/\/rindofiber.se\/wp\/?page_id=611","title":{"rendered":"Informationsm\u00f6te den 18 februari 2014"},"content":{"rendered":"<h1>BREDBAND GENOM FIBER f\u00f6r alla boende p\u00e5 Rind\u00f6<\/h1>\n<p><b>Tid: 2014-02-18, kl 19:30.\u00a0 Lokal: Triton, Rind\u00f6 Hamn<\/b><\/p>\n<p>P\u00e5 v\u00e5r webbplats har vi ber\u00e4ttat att Rind\u00f6 Fiber bildats och att f\u00f6reningen beviljats 1,6 MKr i bidrag. Nu g\u00e4ller det att snabbt genomf\u00f6ra de steg som kr\u00e4vs fram till slutet av \u00e5ret d\u00e5 systemet skall vara i drift.<\/p>\n<p>Vi kommer under kv\u00e4llen att ta upp<\/p>\n<ul>\n<li>Argumenten f\u00f6r fiber i korthet.<\/li>\n<li>Vilka kanaler och tj\u00e4nster kan du v\u00e4lja?<\/li>\n<li>Dagsl\u00e4get i f\u00f6reningen. M\u00e5lbeskrivning<\/li>\n<li>Tidplan, vad h\u00e4nder under \u00e5ret. Vad m\u00e5ste du g\u00f6ra?<\/li>\n<li>Ekonomi och kostnader f\u00f6r dig<\/li>\n<li>L\u00e5nem\u00f6jligheter<\/li>\n<li>Vad b\u00f6r du g\u00f6ra nu<\/li>\n<li>Medlemsans\u00f6kningar<\/li>\n<li>N\u00e4r skall du best\u00e4mma dig, anslutningsavgiften betalas<\/li>\n<li>Fr\u00e5gor och Svar<\/li>\n<\/ul>\n<p><b>Anm\u00e4l <\/b>dig till informationsm\u00f6tet med e-post till <a href=\"mailto:info@rindofiber.se\"><b>info@rindofiber.se<\/b><\/a><br \/>\nTala ocks\u00e5 om hur m\u00e5nga ni kommer, vi beh\u00f6ver veta att lokalen r\u00e4cker.<\/p>\n<p>Blanketter som kommer att anv\u00e4ndas senare i v\u00e5r vid medlemsregistrering och avtalstecknande finner du under fliken <a title=\"Blanketter\" href=\"https:\/\/rindofiber.se\/wp\/?page_id=601\">Blanketter<\/a>. Har du fr\u00e5gor s\u00e5 svarar vi under informationsm\u00f6tet. Webbplatsen inneh\u00e5ller mer fiber-information som kan vara bra att l\u00e4sa f\u00f6re m\u00f6tet.<\/p>\n<p>N\u00e4r du talar med grannar, fr\u00e5ga om de h\u00f6rt om fiberarbetet och informationsm\u00f6tet. Vi hittar inte alla och det \u00e4r viktigt f\u00f6r oss att alla har haft chansen att sj\u00e4lva ta st\u00e4llning till den information vi kan ge. Underlag f\u00f6r det egna beslutet finns h\u00e4r p\u00e5 webbplatsen.<\/p>\n<h1><b>V\u00e4lkomna!<\/b><\/h1>\n<h2><b>Styrelsen f\u00f6r Rind\u00f6 Fiber ek. f\u00f6r.<\/b><\/h2>\n","protected":false},"excerpt":{"rendered":"<p>BREDBAND GENOM FIBER f\u00f6r alla boende p\u00e5 Rind\u00f6 Tid: 2014-02-18, kl 19:30.\u00a0 Lokal: Triton, Rind\u00f6 Hamn P\u00e5 v\u00e5r webbplats har vi ber\u00e4ttat att Rind\u00f6 Fiber bildats och att f\u00f6reningen beviljats 1,6 MKr i bidrag. Nu g\u00e4ller det att snabbt genomf\u00f6ra de steg som kr\u00e4vs fram till slutet av \u00e5ret d\u00e5 systemet skall vara i drift. [&hellip;]<\/p>\n","protected":false},"author":5,"featured_media":0,"parent":0,"menu_order":0,"comment_status":"open","ping_status":"open","template":"","meta":{"footnotes":""},"class_list":["post-611","page","type-page","status-publish","hentry"],"_links":{"self":[{"href":"https:\/\/rindofiber.se\/wp\/index.php?rest_route=\/wp\/v2\/pages\/611","targetHints":{"allow":["GET"]}}],"collection":[{"href":"https:\/\/rindofiber.se\/wp\/index.php?rest_route=\/wp\/v2\/pages"}],"about":[{"href":"https:\/\/rindofiber.se\/wp\/index.php?rest_route=\/wp\/v2\/types\/page"}],"author":[{"embeddable":true,"href":"https:\/\/rindofiber.se\/wp\/index.php?rest_route=\/wp\/v2\/users\/5"}],"replies":[{"embeddable":true,"href":"https:\/\/rindofiber.se\/wp\/index.php?rest_route=%2Fwp%2Fv2%2Fcomments&post=611"}],"version-history":[{"count":3,"href":"https:\/\/rindofiber.se\/wp\/index.php?rest_route=\/wp\/v2\/pages\/611\/revisions"}],"predecessor-version":[{"id":614,"href":"https:\/\/rindofiber.se\/wp\/index.php?rest_route=\/wp\/v2\/pages\/611\/revisions\/614"}],"wp:attachment":[{"href":"https:\/\/rindofiber.se\/wp\/index.php?rest_route=%2Fwp%2Fv2%2Fmedia&parent=611"}],"curies":[{"name":"wp","href":"https:\/\/api.w.org\/{rel}","templated":true}]}}