{"id":5,"date":"2021-11-28T13:00:18","date_gmt":"2021-11-28T12:00:18","guid":{"rendered":"http:\/\/rindofiber.se\/wp\/?page_id=5"},"modified":"2021-11-28T14:28:48","modified_gmt":"2021-11-28T13:28:48","slug":"om","status":"publish","type":"page","link":"https:\/\/rindofiber.se\/wp\/","title":{"rendered":"Fiber p\u00e5 Rind\u00f6"},"content":{"rendered":"<p>P\u00e5 Rind\u00f6 har vi sedan 2013 har vi en fiberf\u00f6rening och f\u00f6rsta fastigheterna varit uppkopplade sedan 2015. Sedan 2020 har Rind\u00f6 Fiber ekon. f\u00f6r. (RFEF) ca 340 medlemmar och under h\u00f6sten 2021 \u00e4r alla\u00a0 uppkopplade enligt plan.<\/p>\n<p>Hur har detta blivit m\u00f6jligt? F\u00f6reningen bildades utifr\u00e5n en arbetsgrupp inom <strong>F\u00f6reningen Rind\u00f6borna<\/strong> med m\u00e5ls\u00e4ttning att f\u00f6rse intresserade Rind\u00f6bor med fiberuppkoppling.<\/p>\n<p>Regeringen best\u00e4mde att det inte ska vara dyrare att f\u00e5 snabb uppkoppling p\u00e5 lands\u00adbygden j\u00e4mf\u00f6rt med n\u00e4rmaste t\u00e4tort, och avsatte d\u00e4rf\u00f6r pengar till st\u00f6d f\u00f6r orter som ville dra i g\u00e5ng egna utbyggnadsprojekt.<\/p>\n<p>Under 2016 arbetade styrelsen med att f\u00e5 flera intressenter samt att vi ska uppn\u00e5 full po\u00e4ng inom d\u00e5varande regelsystem f\u00f6r att f\u00e5 bidraget till etapp 2. Dock \u00e4ndrades reglerna f\u00f6r att f\u00e5 bidraget, vilket innebar att flera omr\u00e5den stod utan bidrag.<\/p>\n<p>Efter flera turer lyckades styrelsen teckna ett l\u00e5n som d\u00e4rigenom kunde s\u00e4kerst\u00e4lla en l\u00e5g kostnad f\u00f6r medlemmarna \u00f6ver l\u00e4ngre tid. I samband med detta lyckades ocks\u00e5 staten formulera n\u00e4sta bidragsdel med finansiering fr\u00e5n EU jordbruksst\u00f6d s\u00e5 att 1\/3 av omr\u00e5det skulle kunna f\u00e5 bidrag och d\u00e4refter har projektet rullat vidare. Sista anslutna omr\u00e5de blev klart h\u00f6sten 2021. Det har tillkommit ett antal efteranslutningar och fler \u00e4r p\u00e5 g\u00e5ng.<\/p>\n<p>Det g\u00e5r fortfarande att ansluta sig till f\u00f6reningens fibern\u00e4t. Antingen som enskild fastighets\u00e4gare, f\u00f6retag, bostadsr\u00e4ttsf\u00f6rening eller om det planeras st\u00f6rre bostads\u00adomr\u00e5den.<\/p>\n<p>Kontakta f\u00f6reningen s\u00e5 guidar vi dig till din internetanslutning.<br \/>\nS\u00f6k medlemskap och efter beviljat medlemskap fyller du i och skickar in Anslutningsavtal och Markuppl\u00e5telseavtal.<\/p>\n<p>Mer information om regler och kostnader finns under fliken\u00a0<a href=\"https:\/\/rindofiber.se\/wp\/?page_id=909\"><strong>Om Rind\u00f6 Fiber =&gt; Dokument<\/strong><\/a>.<br \/>\nBlanketter finns under fliken\u00a0<a href=\"https:\/\/rindofiber.se\/wp\/?page_id=601\"><strong>Blanketter<\/strong><\/a>.<\/p>\n<p>L\u00e4s g\u00e4rna sidan <a href=\"https:\/\/rindofiber.se\/wp\/?page_id=108\"><strong>Aktuellt<\/strong><\/a>!<\/p>\n<p><strong><a title=\"Kontakt\" href=\"https:\/\/rindofiber.se\/wp\/?page_id=14\"><span style=\"color: blue;\">Kontakta<\/span><\/a><\/strong> g\u00e4rna n\u00e5gon av oss om du har fr\u00e5gor eller synpunkter.<\/p>\n<p>\/\/ H\u00e4lsningar <strong>Styrelsen Rind\u00f6 Fiber ek. f\u00f6r.<br \/>\n<\/strong><\/p>\n<p><img decoding=\"async\" class=\"wp-image-1527 alignleft\" src=\"https:\/\/rindofiber.se\/wp\/wp-content\/uploads\/2018\/12\/EU-flagga-Europeiska-jordbruksfonden.jpg\" alt=\"\" width=\"600\" \/><\/p>\n","protected":false},"excerpt":{"rendered":"<p>P\u00e5 Rind\u00f6 har vi sedan 2013 har vi en fiberf\u00f6rening och f\u00f6rsta fastigheterna varit uppkopplade sedan 2015. Sedan 2020 har Rind\u00f6 Fiber ekon. f\u00f6r. (RFEF) ca 340 medlemmar och under h\u00f6sten 2021 \u00e4r alla\u00a0 uppkopplade enligt plan. Hur har detta blivit m\u00f6jligt? F\u00f6reningen bildades utifr\u00e5n en arbetsgrupp inom F\u00f6reningen Rind\u00f6borna med m\u00e5ls\u00e4ttning att f\u00f6rse intresserade [&hellip;]<\/p>\n","protected":false},"author":1,"featured_media":0,"parent":0,"menu_order":0,"comment_status":"open","ping_status":"open","template":"page-templates\/full-width.php","meta":{"footnotes":""},"class_list":["post-5","page","type-page","status-publish","hentry"],"_links":{"self":[{"href":"https:\/\/rindofiber.se\/wp\/index.php?rest_route=\/wp\/v2\/pages\/5","targetHints":{"allow":["GET"]}}],"collection":[{"href":"https:\/\/rindofiber.se\/wp\/index.php?rest_route=\/wp\/v2\/pages"}],"about":[{"href":"https:\/\/rindofiber.se\/wp\/index.php?rest_route=\/wp\/v2\/types\/page"}],"author":[{"embeddable":true,"href":"https:\/\/rindofiber.se\/wp\/index.php?rest_route=\/wp\/v2\/users\/1"}],"replies":[{"embeddable":true,"href":"https:\/\/rindofiber.se\/wp\/index.php?rest_route=%2Fwp%2Fv2%2Fcomments&post=5"}],"version-history":[{"count":39,"href":"https:\/\/rindofiber.se\/wp\/index.php?rest_route=\/wp\/v2\/pages\/5\/revisions"}],"predecessor-version":[{"id":1803,"href":"https:\/\/rindofiber.se\/wp\/index.php?rest_route=\/wp\/v2\/pages\/5\/revisions\/1803"}],"wp:attachment":[{"href":"https:\/\/rindofiber.se\/wp\/index.php?rest_route=%2Fwp%2Fv2%2Fmedia&parent=5"}],"curies":[{"name":"wp","href":"https:\/\/api.w.org\/{rel}","templated":true}]}}