{"id":38,"date":"2018-04-06T15:45:10","date_gmt":"2018-04-06T13:45:10","guid":{"rendered":"http:\/\/rindofiber.se\/wp\/?page_id=38"},"modified":"2018-04-06T16:23:52","modified_gmt":"2018-04-06T14:23:52","slug":"enkat-betraffande-ditt-intresse-for-anslutning-till-fibernat","status":"publish","type":"page","link":"https:\/\/rindofiber.se\/wp\/?page_id=38","title":{"rendered":"Varf\u00f6r fiber?"},"content":{"rendered":"<h2>Argument f\u00f6r medlemskap <span style=\"font-size: 0.8em;\">(intresseanm\u00e4lan l\u00e4ngre ned p\u00e5 sidan)<\/span><\/h2>\n<ul>\n<li>Spara p\u00e5 dina m\u00e5nadskostnader.<\/li>\n<li>Blixtsnabbt internet, perfekt TV-bild och billig fast telefoni.<\/li>\n<li>Framtidss\u00e4ker teknik helt ok\u00e4nslig f\u00f6r \u00e5ska och fukt m.m.<\/li>\n<li>Fiberkabel utan mobila bredbandets kapacitets- och volymsbegr\u00e4nsning.<\/li>\n<li>F\u00f6rb\u00e4ttrade m\u00f6jligheter f\u00f6r f\u00f6retagande, distansarbete, \u00f6vervakning, larm, v\u00e5rd i hemmet\u00a0m.m.<\/li>\n<li>Ett \u00f6kat v\u00e4rde p\u00e5 fastigheten med fiberanslutning.<\/li>\n<li>Telia Sonera kan komma att successivt l\u00e4gga ner kopparanslutna telestationer.<\/li>\n<\/ul>\n<p>En fiberanslutning \u00e4r framtidsl\u00f6sningen f\u00f6r att f\u00e5 tillg\u00e5ng till snabb internetuppkoppling\u00a0(500-1000 megabit\/s), ett stort TV-utbud och billig telefoni. Vi som bor i kommunernas ytterkanter kommer vanligen sist eller inte alls i fr\u00e5ga vid s\u00e5dan h\u00e4r investeringar och d\u00e5 de stora operat\u00f6rerna inte \u00e4r s\u00e5 intresserade av glesbygden uppmuntras bildandet av lokala fiberf\u00f6reningar d\u00e4r man med hj\u00e4lp av eget arbete och lokal k\u00e4nnedom kan bygga kostnadseffektiva n\u00e4t.<\/p>\n<h2 style=\"color: blue;\">Vad \u00e4r alternativet till bredband via optisk fiber?<\/h2>\n<div>\n<p><strong>ADSL<\/strong><\/p>\n<ul>\n<li>Otillr\u00e4cklig kapacitet i en snar framtid. Max 1-2 km fr\u00e5n telestationen med kabel av bra kvalitet kr\u00e4vs f\u00f6r hastigheter \u00f6ver 10 Mbit\/s.<\/li>\n<li>Beroende av kopparn\u00e4t, som \u00e4r \u00e5lderstiget.<\/li>\n<li>K\u00e4nsligt f\u00f6r v\u00e4derp\u00e5verkan. S\u00e5rbart f\u00f6r fallande \u00a0tr\u00e4d, fukt, sn\u00f6 och \u00e5sknedslag.<\/li>\n<\/ul>\n<p><strong>Mobilt bredband<\/strong><\/p>\n<ul>\n<li>Otillr\u00e4cklig kapacitet och f\u00f6rh\u00e5llandevis dyrt med dagens teknik.<\/li>\n<li>Kapaciteten delas p\u00e5 antalet aktiva anslutningar.<\/li>\n<li>Oftast begr\u00e4nsad datavolym, n\u00e5gra GByte\/m\u00e5nad<\/li>\n<li>N\u00e4r m\u00e5nadsvolymen \u00e4r slut kan du k\u00f6pa till mer volym, operat\u00f6ren tar bra betalt f\u00f6r detta.<\/li>\n<li>K\u00e4nsligt f\u00f6r v\u00e4derp\u00e5verkan.<\/li>\n<li>Mottagningsf\u00f6rh\u00e5llanden varierar.<\/li>\n<\/ul>\n<p><strong>Framtidens teknik (LTE\/4G)<\/strong><\/p>\n<ul>\n<li>Kostsamt att bygga ut p\u00e5 landsbygden.<\/li>\n<li>De omr\u00e5den som inte har tillg\u00e5ng till 3G idag kommer inte att f\u00e5 tillg\u00e5ng till 4G.<\/li>\n<li>Kapaciteten delas p\u00e5 antalet anslutningar.<\/li>\n<\/ul>\n<\/div>\n<h2 style=\"color: blue;\">Anm\u00e4lan av intresse f\u00f6r anslutning till v\u00e5rt fibern\u00e4t<\/h2>\n<p>Obligatoriska f\u00e4lt \u00e4r markerade med <span style=\"color: red;\">*<\/span><br \/>\nSaknar du uppgift, skriv <strong>&#8211;<\/strong> i f\u00e4ltet.<br \/>\nSaknar du e-postadress, skriv d\u00e5 <strong><em>saknas@a.se<\/em><\/strong> i f\u00e4ltet<\/p>\n<p>[pdb_signup]<\/p>\n<p>Kryssa i rutan <strong>Samtycke<\/strong> f\u00f6r att ange att vi f\u00e5r hantera dina personuppgifter. Vi anv\u00e4nder dem enbart f\u00f6r att kunna h\u00e5lla kontakt med dig som anm\u00e4lt intresse f\u00f6r v\u00e5r fiberf\u00f6rening och delar dem inte med n\u00e5gra andra parter.<\/p>\n","protected":false},"excerpt":{"rendered":"<p>Argument f\u00f6r medlemskap (intresseanm\u00e4lan l\u00e4ngre ned p\u00e5 sidan) Spara p\u00e5 dina m\u00e5nadskostnader. Blixtsnabbt internet, perfekt TV-bild och billig fast telefoni. Framtidss\u00e4ker teknik helt ok\u00e4nslig f\u00f6r \u00e5ska och fukt m.m. Fiberkabel utan mobila bredbandets kapacitets- och volymsbegr\u00e4nsning. F\u00f6rb\u00e4ttrade m\u00f6jligheter f\u00f6r f\u00f6retagande, distansarbete, \u00f6vervakning, larm, v\u00e5rd i hemmet\u00a0m.m. Ett \u00f6kat v\u00e4rde p\u00e5 fastigheten med fiberanslutning. Telia Sonera [&hellip;]<\/p>\n","protected":false},"author":1,"featured_media":0,"parent":0,"menu_order":0,"comment_status":"open","ping_status":"open","template":"page-templates\/full-width.php","meta":{"footnotes":""},"class_list":["post-38","page","type-page","status-publish","hentry"],"_links":{"self":[{"href":"https:\/\/rindofiber.se\/wp\/index.php?rest_route=\/wp\/v2\/pages\/38","targetHints":{"allow":["GET"]}}],"collection":[{"href":"https:\/\/rindofiber.se\/wp\/index.php?rest_route=\/wp\/v2\/pages"}],"about":[{"href":"https:\/\/rindofiber.se\/wp\/index.php?rest_route=\/wp\/v2\/types\/page"}],"author":[{"embeddable":true,"href":"https:\/\/rindofiber.se\/wp\/index.php?rest_route=\/wp\/v2\/users\/1"}],"replies":[{"embeddable":true,"href":"https:\/\/rindofiber.se\/wp\/index.php?rest_route=%2Fwp%2Fv2%2Fcomments&post=38"}],"version-history":[{"count":35,"href":"https:\/\/rindofiber.se\/wp\/index.php?rest_route=\/wp\/v2\/pages\/38\/revisions"}],"predecessor-version":[{"id":1428,"href":"https:\/\/rindofiber.se\/wp\/index.php?rest_route=\/wp\/v2\/pages\/38\/revisions\/1428"}],"wp:attachment":[{"href":"https:\/\/rindofiber.se\/wp\/index.php?rest_route=%2Fwp%2Fv2%2Fmedia&parent=38"}],"curies":[{"name":"wp","href":"https:\/\/api.w.org\/{rel}","templated":true}]}}