{"id":370,"date":"2013-10-08T09:04:44","date_gmt":"2013-10-08T07:04:44","guid":{"rendered":"http:\/\/rindofiber.se\/wp\/?page_id=370"},"modified":"2013-10-08T09:04:44","modified_gmt":"2013-10-08T07:04:44","slug":"erfarenheter-fran-liknande-fiberprojekt","status":"publish","type":"page","link":"https:\/\/rindofiber.se\/wp\/?page_id=370","title":{"rendered":"Erfarenheter fr\u00e5n liknande fiberprojekt"},"content":{"rendered":"<p><b>Noteringar fr\u00e5n telefondiskussion med Per Denker, Fiber i L\u00f6ttingelund<\/b><\/p>\n<p>Tid:\u00a0 2013-06-03<\/p>\n<p>L\u00f6ttingelund, en del av T\u00e4by kommun, har c:a 180 fiber-abonnenter.<\/p>\n<p>Inledningsvis erbj\u00f6d Telia f\u00f6r en anslutningsavgift p\u00e5 drygt SEK 9\u00a0000 ett 10-\u00e5rigt avtal med ett antal villkor, bl.a. att abonnenterna betalade avgift per TV (IP-TV).<\/p>\n<p>Per anser att Telia har bra tj\u00e4nster men \u00e4r lite sv\u00e5ra att samarbeta med d\u00e5 det \u00e4r ett stort f\u00f6retag och sv\u00e5rt att hitta en kontaktperson att diskutera med. Dessutom ville de dra en del fiber som luftledning och det var vi inte intresserade av. Det var ocks\u00e5 ett erbjudande som individuellt och inte gick att g\u00f6ra som en kollektiv upphandling och d\u00e4rmed sv\u00e5rt att ha n\u00e5gon prisf\u00f6rhandling om.<\/p>\n<p>Projektet hade identifierat leverant\u00f6rerna Ownit (\u00e4gt av Telenor), Transit samt ett mindre f\u00f6retag (Teknikbyr\u00e5n) i \u00c5kersberga.<\/p>\n<p>\u00c4ven kontakt med Svensk Infrastruktur gjordes men trots m\u00e5nga p\u00e5minnelser kom aldrig n\u00e5gon riktig offert. De erbjuder dessutom en valfrihet av tj\u00e4nsteleverant\u00f6r som kan ses som frihet men f\u00f6reningen valde en kollektiv l\u00f6sning d\u00e5 detta p\u00e5verkar priset per m\u00e5nad avsev\u00e4rt.<\/p>\n<p>L\u00f6ttingelund valde Ownit.\u00a0 Erbjudandena var snarlika fr\u00e5n Ownit och Transit, men efter\u00adsom Ownit hade en del gamla \u201dkopparavtal\/kabelTV\u201d och dessa kunde transfereras in i Ownits nya erbjudande f\u00f6ll valet p\u00e5 dem.<\/p>\n<p>Efter installation \u00e4gs n\u00e4tet av f\u00f6reningen och Ownit har r\u00e4tt till att leverera tj\u00e4nster i 5 \u00e5r.<\/p>\n<p>Ownit erbj\u00f6d totalansvar och detta ans\u00e5g L\u00f6ttingelund var mycket v\u00e4rdefullt eftersom Ownit d\u00e5 samordnade arbetet mellan alla inblandade leverant\u00f6rer.<\/p>\n<p>I entreprenaden ingick allt utom gr\u00e4vning p\u00e5 tomt d\u00e5 detta redan till stor del fanns eftersom vi redan hade ett kopparn\u00e4t med kanalisering (r\u00f6rdragning) p\u00e5 tomten (dock fanns ingen kanalisering utanf\u00f6r tomterna).<\/p>\n<p>CLS kanaliserade och bl\u00e5ste fiber.\u00a0 Arbetet utf\u00f6rdes f\u00f6r alla fastigheter i omr\u00e5det.\u00a0 Endast de som tecknade sig ansl\u00f6ts, \u00f6vriga fastigheter har kanalisation vid tomt\u00adgr\u00e4nsen.\u00a0 De som nu vill ansluta kan efteranm\u00e4la till en kostnad av 38\u00a0000.<\/p>\n<p>Projektet upphandlade en kollektiv anslutning vilket reducerade kostnaden f\u00f6r abonnemanget med i stort 50 % !!! S\u00e4nkningen fr\u00e5n 35\u00a0000 till 20\u00a0000 berodde ocks\u00e5 p\u00e5 att projektet knackade d\u00f6rr intensivt f\u00f6r att f\u00e5 upp anslutningsgraden till n\u00e4ra 90 %.<br \/>\nM\u00e5nadskostnaden \u00e4r 209 kr. Erbjuden kapacitet \u00e4r 100\/100 Mb\/s samt 18 TV-kanaler.<br \/>\nDe som vill kan abonnera p\u00e5 upp till 1\u00a0000 Mb\/s mot extra avgift av ett par hundra.<\/p>\n<p>D\u00e5 priset f\u00f6r tj\u00e4nsterna \u00e4r s\u00e5 pass mycket l\u00e4gre i ett fibern\u00e4t j\u00e4mf\u00f6rt med i ett kopparn\u00e4t kan man s\u00e4ga att i L\u00f6ttingelunds fall \u00e4r investeringen i anslutningen \u00e5terbetalad p\u00e5 4 \u00e5r om man ansluter sig till TV, fiber och telefoni. Dessutom f\u00e5r man en snabbare upp\u00adkoppling och b\u00e4ttre TV-bild.<\/p>\n<p>I n\u00e4tet finns analoga och digitala TV-signaler parallellt och ing\u00e5r i basutbudet. Detta g\u00f6r att man \u00e4ven kan ansluta gamla TV-apparater utan att beh\u00f6va k\u00f6pa nya eller digitala mottagare (bra f\u00f6r extra TV-apparater t ex i barnens rum osv)<\/p>\n<p>PS: Installationskostnader best\u00e5r till stor del av gr\u00e4vning f\u00f6r kanalisering i omr\u00e5det och beroende p\u00e5 hur det ser ut i omr\u00e5det och p\u00e5 hur stora avst\u00e5nd det \u00e4r mellan hush\u00e5llen s\u00e5 p\u00e5verkar det priset ganska mycket.<\/p>\n<p>Tidigare hade L\u00f6ttingelund st\u00f6rningar vid \u00e5ska.\u00a0 Dessa st\u00f6rningar har minskat f\u00f6rsvunnit eftersom fiber inte p\u00e5verkas av \u00e5ska.<\/p>\n<p>I stort \u00e4r alla abonnenter n\u00f6jda och har tydligt s\u00e4nkt sina fasta kostnader f\u00f6r Internet,<br \/>\nTV och telefoni.<\/p>\n<p>Vaxholm, 2013-06-04<\/p>\n<p>Kjell Hilding<\/p>\n<p>Ovanst\u00e5ende noteringar \u00e4r genoml\u00e4sta, obetydligt justerade 2013-10-06 av Per Denker och godk\u00e4nda f\u00f6r \u00f6ppen delgivning p\u00e5 Fiber p\u00e5 Rind\u00f6s webbplats.<br \/>\nVi \u00e4r Per skyldiga ett stort tack f\u00f6r denna hj\u00e4lp.<\/p>\n","protected":false},"excerpt":{"rendered":"<p>Noteringar fr\u00e5n telefondiskussion med Per Denker, Fiber i L\u00f6ttingelund Tid:\u00a0 2013-06-03 L\u00f6ttingelund, en del av T\u00e4by kommun, har c:a 180 fiber-abonnenter. Inledningsvis erbj\u00f6d Telia f\u00f6r en anslutningsavgift p\u00e5 drygt SEK 9\u00a0000 ett 10-\u00e5rigt avtal med ett antal villkor, bl.a. att abonnenterna betalade avgift per TV (IP-TV). Per anser att Telia har bra tj\u00e4nster men \u00e4r [&hellip;]<\/p>\n","protected":false},"author":5,"featured_media":0,"parent":0,"menu_order":0,"comment_status":"open","ping_status":"open","template":"","meta":{"footnotes":""},"class_list":["post-370","page","type-page","status-publish","hentry"],"_links":{"self":[{"href":"https:\/\/rindofiber.se\/wp\/index.php?rest_route=\/wp\/v2\/pages\/370","targetHints":{"allow":["GET"]}}],"collection":[{"href":"https:\/\/rindofiber.se\/wp\/index.php?rest_route=\/wp\/v2\/pages"}],"about":[{"href":"https:\/\/rindofiber.se\/wp\/index.php?rest_route=\/wp\/v2\/types\/page"}],"author":[{"embeddable":true,"href":"https:\/\/rindofiber.se\/wp\/index.php?rest_route=\/wp\/v2\/users\/5"}],"replies":[{"embeddable":true,"href":"https:\/\/rindofiber.se\/wp\/index.php?rest_route=%2Fwp%2Fv2%2Fcomments&post=370"}],"version-history":[{"count":4,"href":"https:\/\/rindofiber.se\/wp\/index.php?rest_route=\/wp\/v2\/pages\/370\/revisions"}],"predecessor-version":[{"id":374,"href":"https:\/\/rindofiber.se\/wp\/index.php?rest_route=\/wp\/v2\/pages\/370\/revisions\/374"}],"wp:attachment":[{"href":"https:\/\/rindofiber.se\/wp\/index.php?rest_route=%2Fwp%2Fv2%2Fmedia&parent=370"}],"curies":[{"name":"wp","href":"https:\/\/api.w.org\/{rel}","templated":true}]}}