{"id":1732,"date":"2020-12-05T21:00:48","date_gmt":"2020-12-05T20:00:48","guid":{"rendered":"http:\/\/rindofiber.se\/wp\/?page_id=1732"},"modified":"2020-12-05T21:00:48","modified_gmt":"2020-12-05T20:00:48","slug":"om-dataskyddsforordningen","status":"publish","type":"page","link":"https:\/\/rindofiber.se\/wp\/?page_id=1732","title":{"rendered":"Om Dataskyddsf\u00f6rordningen"},"content":{"rendered":"<h2><strong>Dataskyddsf\u00f6rordningen (GDPR)<\/strong><\/h2>\n<p>Dataskyddsf\u00f6rordningen, eller GDPR som den ocks\u00e5 kallas, inneh\u00e5ller regler om hur man f\u00e5r behandla personuppgifter. F\u00f6rordningen b\u00f6rjar g\u00e4lla den 25 maj 2018 och ers\u00e4tter d\u00e5 personuppgiftslagen (PuL).<\/p>\n<p>F\u00f6r RFEF:s del inneb\u00e4r det att de uppgifter som vi registrerar och behandlar f\u00f6r v\u00e5ra medlemmar \u00e4r namn och adress, telefonnummer och e-postadresser. Vidare behandlar vi uppgifter om medlemmars fastigheter och engagemang i f\u00f6reningens tj\u00e4nster och avtal r\u00f6rande dessa m.m. samt betalningar av olika avgifter.<\/p>\n<p>Vi delar inte n\u00e5gra personuppgifter med andra parter.<\/p>\n<p>Den r\u00e4ttsliga grunden f\u00f6r v\u00e5r behandling av medlemmarnas personuppgifter \u00e4r dataskyddsf\u00f6rordningens <strong>artikel 6.1 b <\/strong>som inneb\u00e4r att det f\u00f6religger att avtalsf\u00f6rh\u00e5llande mellan RFEF och medlemmen d\u00e5 medlemskapet har beviljats.<\/p>\n<p>Den r\u00e4ttsliga grunden f\u00f6r v\u00e5r behandling av personuppgifter f\u00f6r personer som l\u00e4mnat intresseanm\u00e4lningar \u00e4r dataskyddsf\u00f6rordningens <strong>artikel 7 <\/strong>som inneb\u00e4r att personen l\u00e4mnat sitt samtycke vid intresseanm\u00e4lan.<\/p>\n<p>Har ni fr\u00e5gor om detta s\u00e5 kontakta oss: <a href=\"mailto:info@rindofiber.se\"><span style=\"color: blue;\">info@rindofiber.se<\/span><\/a><\/p>\n<h2><strong>De registrerades r\u00e4ttigheter<\/strong><\/h2>\n<p>De personer vars personuppgifter behandlas, de registrerade, har ett antal r\u00e4ttigheter enligt dataskyddsf\u00f6rordningen. Dessa r\u00e4ttigheter inneb\u00e4r i korthet att de registrerade ska f\u00e5 information om n\u00e4r och hur deras personuppgifter behandlas och ha kontroll \u00f6ver sina egna uppgifter. D\u00e4rf\u00f6r har de bland annat r\u00e4tt att i vissa fall f\u00e5 sina uppgifter r\u00e4ttade, raderade eller blockerade, eller att f\u00e5 ut eller flytta sina uppgifter. De registrerades r\u00e4ttigheter har ut\u00f6kats, f\u00f6rst\u00e4rkts och specificerats i dataskyddsf\u00f6rordningen j\u00e4mf\u00f6rt med personuppgiftslagen.<\/p>\n<p>Du kan l\u00e4sa mer om detta i dataskyddsf\u00f6rordningens <strong>artiklar 12 och 13.<\/strong><\/p>\n<h2><strong>Dataskyddsf\u00f6rordningens texter<\/strong><\/h2>\n<p>Du kan l\u00e4sa f\u00f6rordningens kompletta text <a href=\"https:\/\/rindofiber.se\/wp\/wp-content\/uploads\/2018\/04\/Dataskyddsf\u00f6rordningen-Datainspektionen.pdf\" target=\"_blank\" rel=\"noopener noreferrer\"><span style=\"color: blue;\">h\u00e4r.<\/span><\/a><\/p>\n<p>Du kan ocks\u00e5 l\u00e4sa motsvarande texter direkt p\u00e5 <a href=\"https:\/\/www.datainspektionen.se\/dataskyddsreformen\/dataskyddsforordningen\/\" target=\"_blank\" rel=\"noopener noreferrer\"><span style=\"color: blue;\">Datainspektionens webbplats<\/span><\/a>.<\/p>\n","protected":false},"excerpt":{"rendered":"<p>Dataskyddsf\u00f6rordningen (GDPR) Dataskyddsf\u00f6rordningen, eller GDPR som den ocks\u00e5 kallas, inneh\u00e5ller regler om hur man f\u00e5r behandla personuppgifter. F\u00f6rordningen b\u00f6rjar g\u00e4lla den 25 maj 2018 och ers\u00e4tter d\u00e5 personuppgiftslagen (PuL). F\u00f6r RFEF:s del inneb\u00e4r det att de uppgifter som vi registrerar och behandlar f\u00f6r v\u00e5ra medlemmar \u00e4r namn och adress, telefonnummer och e-postadresser. Vidare behandlar vi [&hellip;]<\/p>\n","protected":false},"author":5,"featured_media":0,"parent":0,"menu_order":0,"comment_status":"closed","ping_status":"closed","template":"page-templates\/full-width.php","meta":{"footnotes":""},"class_list":["post-1732","page","type-page","status-publish","hentry"],"_links":{"self":[{"href":"https:\/\/rindofiber.se\/wp\/index.php?rest_route=\/wp\/v2\/pages\/1732","targetHints":{"allow":["GET"]}}],"collection":[{"href":"https:\/\/rindofiber.se\/wp\/index.php?rest_route=\/wp\/v2\/pages"}],"about":[{"href":"https:\/\/rindofiber.se\/wp\/index.php?rest_route=\/wp\/v2\/types\/page"}],"author":[{"embeddable":true,"href":"https:\/\/rindofiber.se\/wp\/index.php?rest_route=\/wp\/v2\/users\/5"}],"replies":[{"embeddable":true,"href":"https:\/\/rindofiber.se\/wp\/index.php?rest_route=%2Fwp%2Fv2%2Fcomments&post=1732"}],"version-history":[{"count":2,"href":"https:\/\/rindofiber.se\/wp\/index.php?rest_route=\/wp\/v2\/pages\/1732\/revisions"}],"predecessor-version":[{"id":1735,"href":"https:\/\/rindofiber.se\/wp\/index.php?rest_route=\/wp\/v2\/pages\/1732\/revisions\/1735"}],"wp:attachment":[{"href":"https:\/\/rindofiber.se\/wp\/index.php?rest_route=%2Fwp%2Fv2%2Fmedia&parent=1732"}],"curies":[{"name":"wp","href":"https:\/\/api.w.org\/{rel}","templated":true}]}}